{"id":13862,"date":"2024-01-05T15:14:08","date_gmt":"2024-01-05T19:14:08","guid":{"rendered":"https:\/\/www.healthcoalition.ca\/lobby-sante-et-espoir-sur-la-colline-du-parlement\/"},"modified":"2024-02-12T23:22:17","modified_gmt":"2024-02-13T03:22:17","slug":"lobby-sante-et-espoir-sur-la-colline-du-parlement","status":"publish","type":"page","link":"https:\/\/www.healthcoalition.ca\/fr\/lobby-sante-et-espoir-sur-la-colline-du-parlement\/","title":{"rendered":"Ordre du jour &#8211; Lobby Sant\u00e9 et Espoir sur la Colline du Parlement"},"content":{"rendered":"\n<p>Bienvenue aux d\u00e9fenseurs et experts de la sant\u00e9 publique, aux travailleurs de la sant\u00e9 et aux patients au lobby Sant\u00e9 et espoir de la Coalition canadienne de la sant\u00e9 sur la Colline du Parlement.<\/p>\n\n\n\n<p>Pendant trois jours, du <strong>12 au 14&nbsp;f\u00e9vrier<\/strong>, les participants au lobby entendront des experts, rencontreront des d\u00e9put\u00e9s et des s\u00e9nateurs, se rassembleront et \u00e9laboreront des strat\u00e9gies en faveur de l\u2019assurance m\u00e9dicaments pour tous, des soins de longue dur\u00e9e plus s\u00e9curitaires et de la fin de la rentabilisation des soins de sant\u00e9. <\/p>\n\n\n\n<p>Cette ann\u00e9e, le lobby se tiendra \u00e0 <strong>l\u2019h\u00f4tel Delta d\u2019Ottawa (101, rue Lyon Nord), dans la salle de bal A<\/strong>.<\/p>\n\n\n\n<ul class=\"wp-block-list\">\n<li>Le <a href=\"https:\/\/mcusercontent.com\/d4d8d2eadd73fbeb6e9c3d27d\/files\/40962a7f-6b22-c91e-68ba-4c7da7399354\/Health_and_Hope_Lobby_Feb_2024._agenda_FRENCH.pdf\" target=\"_blank\" rel=\"noreferrer noopener\">programme<\/a> des trois jours<\/li>\n\n\n\n<li>L&#8217;<a href=\"https:\/\/www.healthcoalition.ca\/wp-content\/uploads\/2024\/02\/CHC-Lobby-2024-Teams-directory-for-printing-FINAL-Feb-11-.pdf\">annuaire des \u00e9quipes<\/a>, qui contient des informations sur vos co\u00e9quipiers et sur tous les participants au lobby<\/li>\n\n\n\n<li>L&#8217;<a href=\"https:\/\/www.healthcoalition.ca\/wp-content\/uploads\/2024\/02\/CHC-Lobby-2024-Meeting-directory-for-printing-FINAL-Feb-11.pdf\">annuaire des r\u00e9unions<\/a> avec des informations sur les heures de r\u00e9union des \u00e9quipes<\/li>\n\n\n\n<li>La <a href=\"https:\/\/mcusercontent.com\/d4d8d2eadd73fbeb6e9c3d27d\/files\/0598f426-7686-b655-8514-f1643a3d3774\/Parliamentarians_rsquo_Briefing_Note_2024_FR_WEB_copy.pdf\" target=\"_blank\" rel=\"noreferrer noopener\">note d&#8217;information<\/a> que nous avons pr\u00e9par\u00e9e pour les d\u00e9put\u00e9s\/es et s\u00e9nateurs\/rices<\/li>\n<\/ul>\n\n\n\n<hr class=\"wp-block-separator has-alpha-channel-opacity\"\/>\n\n\n\n<p><strong>ORDRE DU JOUR<\/strong><\/p>\n\n\n\n<h3 class=\"wp-block-heading\"><strong>Jour&nbsp;1 \u2014 lundi&nbsp;12&nbsp;f\u00e9vrier<\/strong><\/h3>\n\n\n\n<p>12&nbsp;h&nbsp;&nbsp;&nbsp;&nbsp; Ouverture de l\u2019inscription au lobby Sant\u00e9 et espoir<\/p>\n\n\n\n<p><strong>Conf\u00e9rence sur les politiques<\/strong><\/p>\n\n\n\n<p>13&nbsp;h&nbsp;     Mot de bienvenue de Pauline Worsfold, IA, pr\u00e9sidente de la Coalition canadienne de la sant\u00e9<\/p>\n\n\n\n<p> Observations de Don Davies, d\u00e9put\u00e9 (Vancouver Kingsway) et porte-parole du NPD en mati\u00e8re de sant\u00e9<\/p>\n\n\n\n<p>14&nbsp;h&nbsp;&nbsp;&nbsp;&nbsp; Table ronde&nbsp;: Mettre fin \u00e0 la rentabilisation des soins<\/p>\n\n\n\n<p>Conf\u00e9renciers&nbsp;:<\/p>\n\n\n\n<p>Pat Armstrong, chercheuse \u00e9m\u00e9rite de l\u2019Universit\u00e9 York, qui a men\u00e9 des d\u00e9cennies de recherche sur les soins de sant\u00e9 au Canada et \u00e0 l\u2019\u00e9tranger<\/p>\n\n\n\n<p>Marc-Andr\u00e9 Gagnon, chercheur en \u00e9conomie politique du secteur pharmaceutique, sur &#8220;<a href=\"https:\/\/www.healthcoalition.ca\/wp-content\/uploads\/2024\/02\/CHC-Lobby-February-2024.pdf\">Mettre fin \u00e0 la rentabilisation des soins<\/a>&#8221; <\/p>\n\n\n\n<p>D<sup>r<\/sup> Bernard Ho, m\u00e9decin urgentiste et vice-pr\u00e9sident de M\u00e9decins canadiens pour le r\u00e9gime public<\/p>\n\n\n\n<p>Anim\u00e9 par Anne Lagac\u00e9 Dowson, directrice des m\u00e9dias, Coalition canadienne de la sant\u00e9<\/p>\n\n\n\n<p>15&nbsp;h&nbsp;30&nbsp;&nbsp;&nbsp;&nbsp;&nbsp;&nbsp;&nbsp;&nbsp;&nbsp;&nbsp;&nbsp; Pause caf\u00e9 et rafra\u00eechissements<\/p>\n\n\n\n<p>15&nbsp;h&nbsp;45&nbsp;&nbsp;&nbsp;&nbsp;&nbsp;&nbsp;&nbsp;&nbsp;&nbsp;&nbsp;&nbsp; Observations de Terry Sheehan, d\u00e9put\u00e9 (Sault Ste. Marie) et secr\u00e9taire parlementaire du ministre du Travail et des A\u00een\u00e9s<\/p>\n\n\n\n<p><strong>Souper<\/strong><\/p>\n\n\n\n<p>17&nbsp;h&nbsp;&nbsp;&nbsp;&nbsp; Service de souper<\/p>\n\n\n\n<p><strong>Formation au lobby<\/strong><\/p>\n\n\n\n<p>18&nbsp;h&nbsp;&nbsp;&nbsp;&nbsp; Rencontrez les membres de votre \u00e9quipe et apprenez \u00e0 d\u00e9fendre nos int\u00e9r\u00eats.<\/p>\n\n\n\n<p>Formateurs&nbsp;:<\/p>\n\n\n\n<p>Steven Staples, directeur national des politiques et du plaidoyer, Coalition canadienne de la sant\u00e9<\/p>\n\n\n\n<p>Emily Watkins, adjointe de direction, F\u00e9d\u00e9ration canadienne des syndicats d\u2019infirmi\u00e8res et infirmiers<\/p>\n\n\n\n<p>19&nbsp;h&nbsp;30&nbsp;&nbsp;&nbsp;&nbsp;&nbsp;&nbsp;&nbsp;&nbsp;&nbsp;&nbsp;&nbsp; Conclusion<\/p>\n\n\n\n<hr class=\"wp-block-separator has-alpha-channel-opacity\"\/>\n\n\n\n<h3 class=\"wp-block-heading\"><strong>Jour&nbsp;2 \u2014 mardi&nbsp;13&nbsp;f\u00e9vrier<\/strong><\/h3>\n\n\n\n<p><strong>Journ\u00e9e de la Colline<\/strong><\/p>\n\n\n\n<p>9&nbsp;h &#8211; 17&nbsp;h&nbsp;&nbsp;&nbsp;&nbsp;&nbsp;&nbsp;&nbsp;&nbsp; Rencontres avec des d\u00e9put\u00e9s et des s\u00e9nateurs sur la Colline du Parlement<\/p>\n\n\n\n<p>Passez au quartier g\u00e9n\u00e9ral du lobby, dans la salle de bal A de l\u2019h\u00f4tel Delta, de 9&nbsp;h \u00e0 16&nbsp;h, pour des rafra\u00eechissements et un espace de r\u00e9union. Retrouvez votre groupe pour remplir ensemble votre rapport de r\u00e9union.<\/p>\n\n\n\n<p><strong>Rassemblement sur la Colline<\/strong><\/p>\n\n\n\n<p>12&nbsp;h &#8211; 13&nbsp;h&nbsp;&nbsp;&nbsp;&nbsp;&nbsp;&nbsp; Rendez-vous \u00e0 la statue de Terry Fox (Wellington\/Metcalfe), puis marche vers la Colline du Parlement pour <a href=\"https:\/\/www.healthcoalition.ca\/fr\/rassemblement-pour-les-soins-de-sante-publics-sur-la-colline-du-parlement\/\">le rassemblement Les profits font mal<\/a>.<\/p>\n\n\n\n<p><strong>P\u00e9riode de questions (facultative)<\/strong><\/p>\n\n\n\n<p>13&nbsp;h&nbsp;15 &#8211; 15&nbsp;h&nbsp;30&nbsp;&nbsp;&nbsp;&nbsp;&nbsp;&nbsp;&nbsp;&nbsp; Inscription au Centre des visiteurs de la Colline du Parlement pour avoir acc\u00e8s \u00e0 la galerie et assister \u00e0 la p\u00e9riode des questions en chambre.<\/p>\n\n\n\n<p><strong>\u00c9v\u00e9nement sp\u00e9cial<\/strong><\/p>\n\n\n\n<p>16&nbsp;h&nbsp;30&nbsp;&nbsp;&nbsp;&nbsp;&nbsp;&nbsp;&nbsp;&nbsp;&nbsp;&nbsp;&nbsp;  La r\u00e9ception multipartite avec Greg Fergus, d\u00e9put\u00e9 (Hull-Aylmer), premier pr\u00e9sident noir de la Chambre des communes du Canada, pour souligner le Mois de l\u2019histoire des Noirs et rendre hommage \u00e0 la regrett\u00e9e Nell Toussaint, d\u00e9fenseure noire des soins de sant\u00e9 universels. <strong>Le nombre de places est limit\u00e9. <\/strong>Veuillez attendre les instructions pour le RSVP. Inscription au Centre des visiteurs de la Colline du Parlement. <\/p>\n\n\n\n<p><strong>R\u00e9ception (facultatif)<\/strong><\/p>\n\n\n\n<p>19&nbsp;h&nbsp;30&nbsp;&nbsp;&nbsp;&nbsp;&nbsp;&nbsp;&nbsp;&nbsp;&nbsp;&nbsp;&nbsp; Sortie libre au Bar Les 3&nbsp;Brasseurs, 240 rue Sparks<\/p>\n\n\n\n<hr class=\"wp-block-separator has-alpha-channel-opacity\"\/>\n\n\n\n<h3 class=\"wp-block-heading\"><strong>Jour&nbsp;3 \u2014 mercredi&nbsp;14&nbsp;f\u00e9vrier<\/strong><\/h3>\n\n\n\n<p><strong>Bilan du lobby et s\u00e9ance d\u2019\u00e9laboration de strat\u00e9gies<\/strong><\/p>\n\n\n\n<p>H\u00f4tel Delta, salle de bal A<\/p>\n\n\n\n<p>9&nbsp;h&nbsp;&nbsp;&nbsp;&nbsp;&nbsp;&nbsp; Partagez les exp\u00e9riences de votre rencontre avec les parlementaires, participez aux discussions sur les prochaines \u00e9tapes et contribuez \u00e0 la s\u00e9ance de planification du calendrier commun.<\/p>\n\n\n\n<p>Animateurs&nbsp;:<\/p>\n\n\n\n<p>Tracy Glynn, directrice nationale des op\u00e9rations et des projets, Coalition canadienne de la sant\u00e9<\/p>\n\n\n\n<p>Steven Staples, directeur national des politiques et du plaidoyer, Coalition canadienne de la sant\u00e9<\/p>\n\n\n\n<p>12&nbsp;h&nbsp;&nbsp;&nbsp;&nbsp; Ajournement jusqu\u2019\u00e0 la prochaine fois<\/p>\n\n\n\n<hr class=\"wp-block-separator has-alpha-channel-opacity\"\/>\n","protected":false},"excerpt":{"rendered":"<p>Bienvenue aux d\u00e9fenseurs et experts de la sant\u00e9 publique, aux travailleurs de la sant\u00e9 et aux patients au lobby Sant\u00e9\u2026<\/p>\n","protected":false},"author":129,"featured_media":0,"parent":0,"menu_order":0,"comment_status":"closed","ping_status":"closed","template":"","meta":{"give_campaign_id":0,"footnotes":""},"class_list":["post-13862","page","type-page","status-publish","hentry"],"campaignId":"","_links":{"self":[{"href":"https:\/\/www.healthcoalition.ca\/fr\/wp-json\/wp\/v2\/pages\/13862","targetHints":{"allow":["GET"]}}],"collection":[{"href":"https:\/\/www.healthcoalition.ca\/fr\/wp-json\/wp\/v2\/pages"}],"about":[{"href":"https:\/\/www.healthcoalition.ca\/fr\/wp-json\/wp\/v2\/types\/page"}],"author":[{"embeddable":true,"href":"https:\/\/www.healthcoalition.ca\/fr\/wp-json\/wp\/v2\/users\/129"}],"replies":[{"embeddable":true,"href":"https:\/\/www.healthcoalition.ca\/fr\/wp-json\/wp\/v2\/comments?post=13862"}],"version-history":[{"count":22,"href":"https:\/\/www.healthcoalition.ca\/fr\/wp-json\/wp\/v2\/pages\/13862\/revisions"}],"predecessor-version":[{"id":14347,"href":"https:\/\/www.healthcoalition.ca\/fr\/wp-json\/wp\/v2\/pages\/13862\/revisions\/14347"}],"wp:attachment":[{"href":"https:\/\/www.healthcoalition.ca\/fr\/wp-json\/wp\/v2\/media?parent=13862"}],"curies":[{"name":"wp","href":"https:\/\/api.w.org\/{rel}","templated":true}]}}