{"id":15117,"date":"2024-04-23T14:50:52","date_gmt":"2024-04-23T18:50:52","guid":{"rendered":"https:\/\/www.healthcoalition.ca\/la-loi-canadienne-sur-la-sante-a-40-ans-une-table-ronde-sur-la-recherche\/"},"modified":"2024-06-13T07:46:41","modified_gmt":"2024-06-13T11:46:41","slug":"la-loi-canadienne-sur-la-sante-a-40-ans-une-table-ronde-sur-la-recherche","status":"publish","type":"page","link":"https:\/\/www.healthcoalition.ca\/fr\/la-loi-canadienne-sur-la-sante-a-40-ans-une-table-ronde-sur-la-recherche\/","title":{"rendered":"La Loi canadienne sur la sant\u00e9 \u00e0 40 ans : une table ronde sur la recherche"},"content":{"rendered":"<div class=\"wp-block-image\">\n<figure class=\"aligncenter size-large\"><img loading=\"lazy\" decoding=\"async\" width=\"1024\" height=\"768\" src=\"https:\/\/www.healthcoalition.ca\/wp-content\/uploads\/2024\/04\/canada-health-act-roundtable-biling-web-banner-1024x768.jpg\" alt=\"\" class=\"wp-image-15047\" srcset=\"https:\/\/www.healthcoalition.ca\/wp-content\/uploads\/2024\/04\/canada-health-act-roundtable-biling-web-banner-1024x768.jpg 1024w, https:\/\/www.healthcoalition.ca\/wp-content\/uploads\/2024\/04\/canada-health-act-roundtable-biling-web-banner-300x225.jpg 300w, https:\/\/www.healthcoalition.ca\/wp-content\/uploads\/2024\/04\/canada-health-act-roundtable-biling-web-banner-768x576.jpg 768w, https:\/\/www.healthcoalition.ca\/wp-content\/uploads\/2024\/04\/canada-health-act-roundtable-biling-web-banner.jpg 1200w\" sizes=\"auto, (max-width: 1024px) 100vw, 1024px\" \/><\/figure>\n<\/div>\n\n\n<p><\/p>\n\n\n\n<p>La Coalition canadienne de la sant\u00e9 et le Centre de droit, politique et \u00e9thique de la sant\u00e9 de l\u2019Universit\u00e9 d\u2019Ottawa c\u00e9l\u00e8brent le 40e anniversaire de la Loi canadienne sur la sant\u00e9 le 20 juin \u00e0 Ottawa avec une table ronde r\u00e9unissant certain.e.s des plus \u00e9minent.e.s chercheurs.euses du pays dans le domaine des soins de sant\u00e9 publique.<\/p>\n\n\n\n<hr class=\"wp-block-separator has-alpha-channel-opacity\"\/>\n\n\n\n<div class=\"wp-block-buttons is-content-justification-center is-layout-flex wp-container-core-buttons-is-layout-16018d1d wp-block-buttons-is-layout-flex\">\n<div class=\"wp-block-button\"><a class=\"wp-block-button__link wp-element-button\" href=\"https:\/\/www.healthcoalition.ca\/wp-content\/uploads\/2024\/06\/FINAL-FR-Canada-Health-Act-at-40-Research-Roundtable-program-FR-1.pdf\" target=\"_blank\" rel=\"noreferrer noopener\">Horaire<\/a><\/div>\n<\/div>\n\n\n\n<hr class=\"wp-block-separator has-alpha-channel-opacity\"\/>\n\n\n\n<p>Les chercheurs.euses discuteront :<\/p>\n\n\n\n<ul class=\"wp-block-list\">\n<li>des d\u00e9fis pos\u00e9s par le respect des crit\u00e8res et des conditions de la <em>Loi canadienne sur la sant\u00e9<\/em><\/li>\n\n\n\n<li>des risques pos\u00e9s par la privatisation accrue des services de sant\u00e9 assur\u00e9s par certaines provinces et certains territoires<\/li>\n\n\n\n<li>des d\u00e9terminants sociaux de la sant\u00e9<\/li>\n\n\n\n<li>du racisme et des in\u00e9galit\u00e9s syst\u00e9miques dans les soins de sant\u00e9<\/li>\n<\/ul>\n\n\n\n<p>La table ronde sur la recherche sera l\u2019occasion de partager des pratiques prometteuses et d\u2019\u00e9tablir des partenariats entre diverses disciplines et horizons. Elle contribuera \u00e9galement \u00e0 la promotion des soins de sant\u00e9 publique.<\/p>\n\n\n\n<hr class=\"wp-block-separator has-alpha-channel-opacity\"\/>\n\n\n\n<p class=\"has-text-align-center\"><strong>20 juin 2024 \u2014 Universit\u00e9 d\u2019Ottawa<\/strong><\/p>\n\n\n\n<div class=\"wp-block-buttons is-content-justification-center is-layout-flex wp-container-core-buttons-is-layout-16018d1d wp-block-buttons-is-layout-flex\">\n<div class=\"wp-block-button\"><a class=\"wp-block-button__link wp-element-button\" href=\"https:\/\/healthcoalition.wufoo.com\/forms\/m1914wls1x51f2p\/\" target=\"_blank\" rel=\"noreferrer noopener\">S\u2019inscrire ici<\/a><\/div>\n<\/div>\n\n\n\n<hr class=\"wp-block-separator has-alpha-channel-opacity\"\/>\n\n\n\n<p><strong>Frais<\/strong><\/p>\n\n\n\n<ul class=\"wp-block-list\">\n<li>Frais d\u2019inscription de 100 $ pour les enseignant.e.s \u00e0 temps plein et ceux et celles qui b\u00e9n\u00e9ficient d\u2019un soutien de leur \u00e9tablissement\/organisation<\/li>\n\n\n\n<li>Frais d\u2019inscription de 50 $ pour les enseignant.e.s contractuel.le.s et ceux et celles qui ne b\u00e9n\u00e9ficient pas d\u2019un soutien de leur \u00e9tablissement\/organisation.<\/li>\n\n\n\n<li>Des subventions pour une participation limit\u00e9e sont disponibles. Contactez Tracy \u00e0 tglynn@healthcoalition.ca<\/li>\n\n\n\n<li>Offre de livre \u2014 Health for All : A Doctor&#8217;s Prescription for a Healthier Canada (Couverture rigide \u2014 9 avril 2024) par Jane Philpott. 35 $ TVH incluse. L\u2019autrice signera le livre lors de l\u2019\u00e9v\u00e9nement. Faites l\u2019achat de ce livre en cliquant sur le lien d\u2019inscription.<\/li>\n<\/ul>\n\n\n\n<hr class=\"wp-block-separator has-alpha-channel-opacity\"\/>\n\n\n\n<p><strong>Lieu de la conf\u00e9rence<\/strong><\/p>\n\n\n\n<p><a href=\"https:\/\/www.uottawa.ca\/about-us\/sites\/g\/files\/bhrskd336\/files\/2022-01\/camille-villeneuve-1.PNG\">Desmarais Building, Room 4101, University of Ottawa<\/a><\/p>\n\n\n\n<p><a href=\"https:\/\/maps.app.goo.gl\/XJUEfxmAHmNnTFJXA\">Google Maps<\/a><\/p>\n\n\n\n<hr class=\"wp-block-separator has-alpha-channel-opacity\"\/>\n\n\n\n<h2 class=\"wp-block-heading has-text-align-center\">PROGRAMME<\/h2>\n\n\n\n<p><a href=\"https:\/\/www.healthcoalition.ca\/wp-content\/uploads\/2024\/05\/Canada-Health-Act-at-40-Research-Roundtable-program-FR.pdf\" target=\"_blank\" rel=\"noreferrer noopener\">Horaire<\/a><\/p>\n\n\n\n<h3 class=\"wp-block-heading\">8 h | Ouverture des inscriptions<\/h3>\n\n\n\n<h3 class=\"wp-block-heading\">8 h 45 &#8211; 9 h | Bienvenue<\/h3>\n\n\n\n<h3 class=\"wp-block-heading\">9 h &#8211; 9 h 45 | Rapport annuel 2024 de la Loi canadienne sur la sant\u00e9<\/h3>\n\n\n\n<ul class=\"wp-block-list\">\n<li>Jennifer Goodyer, Directrice g\u00e9n\u00e9rale, Division de la Loi canadienne sur la sant\u00e9, Sant\u00e9 Canada<\/li>\n\n\n\n<li>Lee Whitman, directeur adjoint de la conformit\u00e9 et de l\u2019interpr\u00e9tation, Sant\u00e9 Canada<\/li>\n<\/ul>\n\n\n\n<h3 class=\"wp-block-heading\">10 h &#8211; 11 h | Privatisation rampante<\/h3>\n\n\n\n<ul class=\"wp-block-list\">\n<li>Andrew Longhurst, Universit\u00e9 Simon Fraser \u2014 Blurring the lines: health care outsourcing and private payment (Brouiller les pistes : la sous-traitance des soins de sant\u00e9 et les paiements priv\u00e9s)<\/li>\n\n\n\n<li>Danyal Raza, Universit\u00e9 de Toronto\/Unity Health Toronto, et Sheryl Spithoff, Women&#8217;s College Hospital\/Universit\u00e9 de Toronto \u2014 Paying with more than your credit card: The rise of for-profit virtual care &amp; the commercialization of patient data (Payer avec plus que sa carte de cr\u00e9dit : L\u2019essor des soins virtuels \u00e0 but lucratif et la commercialisation des donn\u00e9es des patients)<\/li>\n\n\n\n<li>Rebecca Graff-McRae, Parkland Institute, Universit\u00e9 de l\u2019Alberta \u2014 \u2018Innovation\u2019 Guinea Pig or Canary in the Privatization Coalmine? A case study of medical laboratory services in Alberta (Cobaye ou serin \u00ab d\u2019innovation \u00bb dans la mine de charbon de la privatisation? Une \u00e9tude de cas des services de laboratoire m\u00e9dical en Alberta)<\/li>\n<\/ul>\n\n\n\n<h3 class=\"wp-block-heading\">11 h &#8211; 12 h | Gagner le r\u00e9gime d\u2019assurance m\u00e9dicaments<\/h3>\n\n\n\n<ul class=\"wp-block-list\">\n<li>Marc-Andr\u00e9 Gagnon, Universit\u00e9 Carleton \u2014 L\u2019assurance maladie \u00e0 40 ans; l\u2019assurance m\u00e9dicaments en gestation (Health Insurance at age 40; drug insurance in the making)<\/li>\n\n\n\n<li>Nik Barry-Shaw, Conseil des Canadiens \u2014 How Big Pharma is Poisoning the Public Debate on Pharmacare: Think Tanks, Experts and Conflicts of Interest (Comment les grandes soci\u00e9t\u00e9s pharmaceutiques empoisonnent le d\u00e9bat public sur l\u2019assurance m\u00e9dicaments : Groupes de r\u00e9flexion, experts et conflits d\u2019int\u00e9r\u00eats)<\/li>\n\n\n\n<li>Joel Lexchin, Universit\u00e9 de York \u2014 Quality and quantity of data used by Health Canada in approving new drugs (Qualit\u00e9 et quantit\u00e9 des donn\u00e9es utilis\u00e9es par Sant\u00e9 Canada pour approuver les nouveaux m\u00e9dicaments)    <\/li>\n<\/ul>\n\n\n\n<h3 class=\"wp-block-heading\">13 h &#8211; 13 h 30 | Dix mythes inutiles revisit\u00e9s au sujet de la Loi canadienne sur la sant\u00e9<\/h3>\n\n\n\n<ul class=\"wp-block-list\">\n<li>Greg Marchildon, Universit\u00e9 de Toronto, et Bill Tholl, Universit\u00e9 McMaster et R\u00e9seau canadien pour le leadership en sant\u00e9<\/li>\n<\/ul>\n\n\n\n<h3 class=\"wp-block-heading\">13 h 30 &#8211; 14 h 30 | Le d\u00e9veloppement de l\u2019assurance maladie<\/h3>\n\n\n\n<ul class=\"wp-block-list\">\n<li>David Macdonald, Centre canadien de politiques alternatives \u2014 Missing teeth: Who\u2019s left out of Canada\u2019s dental care plan (Dents manquantes : Qui est exclu du r\u00e9gime de soins dentaires du Canada?)<\/li>\n\n\n\n<li>Sarah Kennell, Association canadienne pour la sant\u00e9 mentale \u2014 Righting the wrongs of the past: addressing the exclusion of mental health &amp; substance use health services from the Canada Health Act (R\u00e9parer les erreurs du pass\u00e9 : aborder l\u2019exclusion des services de sant\u00e9 mentale et de toxicomanie de la Loi canadienne sur la sant\u00e9)<\/li>\n\n\n\n<li>Suzanne Dupuis-Blanchard, Universit\u00e9 de Moncton \u2014 Aging in Place: Advancing Public Health Care and the Canada Health Act (Vieillir sur place : Faire progresser les soins publics de sant\u00e9 et la Loi canadienne sur la sant\u00e9)<\/li>\n<\/ul>\n\n\n\n<h3 class=\"wp-block-heading\">14 h 30 &#8211; 15 h 30 | R\u00e9examen de la Loi canadienne sur la sant\u00e9<\/h3>\n\n\n\n<ul class=\"wp-block-list\">\n<li>Yin Yuan (Y.Y.) Chen, Universit\u00e9 d\u2019Ottawa \u2014 Revisiting the Waiting Period Allowance under the Canada Health Act (R\u00e9examen de l\u2019allocation pour p\u00e9riode d\u2019attente en vertu de la Loi canadienne sur la sant\u00e9)<\/li>\n\n\n\n<li>Marie Carpentier, Universit\u00e9 du Qu\u00e9bec \u00e0 Montr\u00e9al (UQAM) \u2014 Le droit international \u00e0 la rescousse de la Loi canadienne sur la sant\u00e9 (International law to the rescue of the Canada Health Act)<\/li>\n\n\n\n<li>Martha Paynter, Universit\u00e9 du Nouveau-Brunswick \u2014 Barriers to abortion without barring abortion: Addressing private costs in family planning care (Obstacles \u00e0 l\u2019avortement sans emp\u00eacher l\u2019avortement : La prise en compte des co\u00fbts priv\u00e9s dans les soins de planification familiale)  <\/li>\n<\/ul>\n\n\n\n<h3 class=\"wp-block-heading\">15 h 45 &#8211; 17 h | Solutions en mati\u00e8re de soins publics de sant\u00e9 et application de la loi<\/h3>\n\n\n\n<ul class=\"wp-block-list\">\n<li>Edward Xie, M\u00e9decins canadiens pour le r\u00e9gime public \u2014 Public Solutions to Reduce Wait Times in Canadian Health Care (Solutions publiques pour r\u00e9duire les temps d\u2019attente dans les soins de sant\u00e9 au Canada)<\/li>\n\n\n\n<li>Natalie Stake-Doucet, Universit\u00e9 de Montr\u00e9al\/Association des infirmi\u00e8res et infirmiers du Qu\u00e9bec \u2014 The Nurse Retention Toolkit and the Canada Health Act (La Bo\u00eete \u00e0 outils pour la r\u00e9tention des effectifs infirmiers et la Loi canadienne sur la sant\u00e9)<\/li>\n\n\n\n<li>Fr\u00e9d\u00e9rique Chabot, Action Canada pour la sant\u00e9 et les droits sexuels \u2014 The Abortion Access Tracker (Le suivi de l\u2019acc\u00e8s \u00e0 l\u2019avortement)<\/li>\n\n\n\n<li>Ian Johnson &amp; Dr Robert Barkwell, Nova Scotia Health Coalition \u2014 Importance of Enforcement for the Canada Health Act (Importance de l\u2019application de la Loi canadienne sur la sant\u00e9)<\/li>\n<\/ul>\n\n\n\n<h3 class=\"wp-block-heading\">17:00 &#8211; 17 h 30 | Discussion informelle avec Jane Philpott<\/h3>\n\n\n\n<ul class=\"wp-block-list\">\n<li>Jane Philpott, doyenne de la facult\u00e9 des sciences de la sant\u00e9 et directrice de l\u2019\u00e9cole de m\u00e9decine de l\u2019Universit\u00e9 Queen\u2019s et ancienne ministre de la Sant\u00e9, auteur du livre Health for All : A Doctor\u2019s Prescription for a Healthier Canada (La sant\u00e9 pour tous : l\u2019ordonnance d\u2019un m\u00e9decin pour un Canada plus en sant\u00e9)<\/li>\n<\/ul>\n\n\n\n<h3 class=\"wp-block-heading\">17 h 30 &#8211; 18 h 30 \u2014 S\u00e9ance de d\u00e9dicaces du livre de Jane Philpott et r\u00e9ception     <\/h3>\n\n\n\n<p>Pour plus d\u2019informations, contactez Tracy \u00e0 tglynn@healthcoalition.ca.      <\/p>\n\n\n\n<p>Organis\u00e9 par la Coalition canadienne de la sant\u00e9 et le Centre de droit, politique et \u00e9thique de la sant\u00e9 de l\u2019Universit\u00e9 d\u2019Ottawa, avec le soutien de l&#8217;Universit\u00e9 St. Thomas.      <\/p>\n\n\n\n<p>&nbsp;&nbsp;&nbsp;&nbsp;&nbsp;&nbsp; &nbsp;<\/p>\n","protected":false},"excerpt":{"rendered":"<p>La Coalition canadienne de la sant\u00e9 et le Centre de droit, politique et \u00e9thique de la sant\u00e9 de l\u2019Universit\u00e9 d\u2019Ottawa\u2026<\/p>\n","protected":false},"author":129,"featured_media":0,"parent":0,"menu_order":0,"comment_status":"closed","ping_status":"closed","template":"","meta":{"give_campaign_id":0,"footnotes":""},"class_list":["post-15117","page","type-page","status-publish","hentry"],"campaignId":"","_links":{"self":[{"href":"https:\/\/www.healthcoalition.ca\/fr\/wp-json\/wp\/v2\/pages\/15117","targetHints":{"allow":["GET"]}}],"collection":[{"href":"https:\/\/www.healthcoalition.ca\/fr\/wp-json\/wp\/v2\/pages"}],"about":[{"href":"https:\/\/www.healthcoalition.ca\/fr\/wp-json\/wp\/v2\/types\/page"}],"author":[{"embeddable":true,"href":"https:\/\/www.healthcoalition.ca\/fr\/wp-json\/wp\/v2\/users\/129"}],"replies":[{"embeddable":true,"href":"https:\/\/www.healthcoalition.ca\/fr\/wp-json\/wp\/v2\/comments?post=15117"}],"version-history":[{"count":13,"href":"https:\/\/www.healthcoalition.ca\/fr\/wp-json\/wp\/v2\/pages\/15117\/revisions"}],"predecessor-version":[{"id":15729,"href":"https:\/\/www.healthcoalition.ca\/fr\/wp-json\/wp\/v2\/pages\/15117\/revisions\/15729"}],"wp:attachment":[{"href":"https:\/\/www.healthcoalition.ca\/fr\/wp-json\/wp\/v2\/media?parent=15117"}],"curies":[{"name":"wp","href":"https:\/\/api.w.org\/{rel}","templated":true}]}}