{"id":18539,"date":"2025-03-21T10:46:11","date_gmt":"2025-03-21T14:46:11","guid":{"rendered":"https:\/\/www.healthcoalition.ca\/election-2025\/"},"modified":"2025-04-14T11:14:58","modified_gmt":"2025-04-14T15:14:58","slug":"voter-pour-les-soins-de-sante","status":"publish","type":"page","link":"https:\/\/www.healthcoalition.ca\/fr\/voter-pour-les-soins-de-sante\/","title":{"rendered":"\u00c9lections f\u00e9d\u00e9rales 2025 : Voter pour les soins de sant\u00e9"},"content":{"rendered":"<div class=\"wpb-content-wrapper\"><p>[vc_row][vc_column][vc_column_text css=&#8221;&#8221;]<\/p>\n<h1 style=\"text-align: center;\">\u00c9lections f\u00e9d\u00e9rales 2025 : Voter pour les soins de sant\u00e9<\/h1>\n<p>[\/vc_column_text][\/vc_column][\/vc_row][vc_row][vc_column width=&#8221;1\/2&#8243;][vc_single_image image=&#8221;18543&#8243; img_size=&#8221;Large&#8221; css=&#8221;&#8221;][\/vc_column][vc_column width=&#8221;1\/2&#8243;][vc_column_text css=&#8221;&#8221;]<\/p>\n<h3 class=\"p1\" style=\"text-align: center;\"><strong>Le syst\u00e8me public de soins de sant\u00e9 du Canada est notre r\u00e9alisation la plus ch\u00e8re, mais elle est menac\u00e9e. <\/strong><\/h3>\n<p class=\"p1\">Les plans cupides de privatisation tournent autour comme des vautours, d\u00e9sireux de se r\u00e9galer de nos plus vuln\u00e9rables. Ils incitent \u00e0 transformer les soins en une marchandise, o\u00f9 votre valeur est mesur\u00e9e par votre portefeuille et o\u00f9 la sant\u00e9 devient un privil\u00e8ge, pas un droit.<\/p>\n<p class=\"p1\">Ce n\u2019est pas le Canada en lequel nous croyons, mais c\u2019est la triste r\u00e9alit\u00e9 d\u2019un syst\u00e8me de soins de sant\u00e9 de style am\u00e9ricain. Et si nous n\u2019agissons pas maintenant, cela pourrait devenir le destin du Canada.<\/p>\n<p class=\"p1\">Ces \u00e9lections f\u00e9d\u00e9rales ne se limitent pas \u00e0 des lignes de parti. Une fois la privatisation en place, elle devient de plus en plus difficile \u00e0 inverser. Nous ne pouvons pas permettre \u00e0 notre syst\u00e8me de glisser vers le mod\u00e8le am\u00e9ricain, o\u00f9 l\u2019assurance priv\u00e9e d\u00e9termine vos soins et votre acc\u00e8s.<\/p>\n<p class=\"p1\">Vous avez le pouvoir de prot\u00e9ger ce qui compte.<strong> Aux \u00e9lections, les soins publics et universels de sant\u00e9 doivent \u00eatre non n\u00e9gociables.<\/strong> Parlez aux candidats de votre circonscription et faites entendre votre voix.<\/p>\n<p class=\"p1\">Nous ne pouvons pas nous permettre de ne rien faire. Ensemble, nous pouvons d\u00e9fendre les soins de sant\u00e9 dont nous sommes fiers et les \u00e9largir pour r\u00e9pondre aux besoins d\u2019aujourd\u2019hui et de demain.<\/p>\n<p class=\"p1\">D\u00e9fendez les soins publics de sant\u00e9 avant qu\u2019il ne soit trop tard<\/p>\n<p>[\/vc_column_text][\/vc_column][\/vc_row][vc_row][vc_column][vc_cta h2=&#8221;Demandez \u00e0 vos candidats quelle est leur position en mati\u00e8re de soins publics de sant\u00e9&#8221; add_button=&#8221;left&#8221; btn_title=&#8221;Cliquez ici pour envoyer votre courriel maintenant.&#8221; btn_style=&#8221;3d&#8221; btn_color=&#8221;danger&#8221; btn_size=&#8221;lg&#8221; btn_align=&#8221;center&#8221; css=&#8221;&#8221; btn_link=&#8221;url:https%3A%2F%2Fwww.healthcoalition.ca%2Ffr%2Felection-2025%2Fecrivez-a-vos-candidats%2F|title:%C3%89crivez%20%C3%A0%20vos%20candidats&#8221;]<\/p>\n<p class=\"p1\">Utilisez notre plateforme de campagne pour contacter vos candidats d\u00e8s aujourd\u2019hui. Demandez-leur des r\u00e9ponses sur la d\u00e9fense et l\u2019expansion des soins publics de sant\u00e9<\/p>\n<p class=\"p1\">Voici comment cela fonctionne\u00a0:<\/p>\n<ul class=\"ul1\">\n<li class=\"li2\"><span class=\"s2\">La plateforme trouve automatiquement les adresses de courriel des candidats de votre circonscription.<\/span><\/li>\n<li class=\"li2\"><span class=\"s2\">Nous avons d\u00e9j\u00e0 \u00e9crit pour vous un courriel puissant avec des questions sur les principaux enjeux en mati\u00e8re de soins de sant\u00e9.<\/span><\/li>\n<li class=\"li2\"><span class=\"s2\">Remplissez simplement vos coordonn\u00e9es, personnalisez le message si vous le souhaitez et appuyez sur Envoyer.<\/span><\/li>\n<\/ul>\n<p class=\"p1\">Moins de deux minutes suffisent pour demander des r\u00e9ponses et tenir vos candidats responsables.<\/p>\n<p>[\/vc_cta][\/vc_column][\/vc_row][vc_row][vc_column width=&#8221;1\/4&#8243;][vc_single_image image=&#8221;18837&#8243; img_size=&#8221;medium&#8221; css=&#8221;&#8221;][\/vc_column][vc_column width=&#8221;3\/4&#8243;][vc_column_text css=&#8221;&#8221;]<\/p>\n<header class=\"vc_cta3-content-header\">\n<h2>Affiche \u00ab Votez pour les soins de sant\u00e9<\/h2>\n<\/header>\n<p>Imprimez et affichez ce poster dans votre communaut\u00e9, sur votre lieu de travail, \u00e0 l\u2019\u00e9cole, \u00e0 la biblioth\u00e8que, \u00e0 l\u2019h\u00f4pital ou partout o\u00f9 il y a un tableau d\u2019affichage, afin d\u2019encourager les \u00e9lecteurs \u00e0 demander aux candidats quelle est leur position sur les soins de sant\u00e9.[\/vc_column_text][vc_btn title=&#8221;T\u00e9l\u00e9charger l&#8217;affiche fran\u00e7aise&#8221; style=&#8221;3d&#8221; color=&#8221;danger&#8221; css=&#8221;&#8221; link=&#8221;url:https%3A%2F%2Fwww.healthcoalition.ca%2Fwp-content%2Fuploads%2F2025%2F04%2FVOTER-POUR-LES-SOINS-DE-SANTE-2.pdf&#8221;][vc_btn title=&#8221;T\u00e9l\u00e9charger l&#8217;affiche en anglais&#8221; style=&#8221;3d&#8221; color=&#8221;danger&#8221; css=&#8221;&#8221; link=&#8221;url:https%3A%2F%2Fwww.healthcoalition.ca%2Fwp-content%2Fuploads%2F2025%2F04%2Fvote-healthcare-flyer.pdf&#8221;][\/vc_column][\/vc_row][vc_row][vc_column][vc_column_text css=&#8221;&#8221;]<\/p>\n<h1>Ressources pour les \u00e9lecteurs<\/h1>\n<ul>\n<li><a href=\"https:\/\/www.allforcare.ca\/fr\">F\u00e9d\u00e9ration canadienne des syndicatsd&#8217;infirmi\u00e8res et infirmiers<\/a><\/li>\n<li><a href=\"https:\/\/www.onlefaitpourvous.ca\/\">l\u2019Alliance de la Fonction publique du Canada<\/a><\/li>\n<li><a href=\"https:\/\/www.uniforvote.ca\/\">UNIFOR<\/a><\/li>\n<li><a href=\"https:\/\/congresdutravail.ca\/les-syndicats-du-canada-lancent-une-audacieuse-plateforme-par-suite-du-declenchement-de-lelection-federale\/\">Congr\u00e8s du travail du Canada<\/a><\/li>\n<li><a href=\"https:\/\/www.tuac.ca\/index.php?option=com_content&amp;view=article&amp;id=33837:ufcw-votes-your-resource-for-the-2025-federal-election&amp;catid=22&amp;Itemid=2646&amp;lang=fr\">Travailleurs et travailleuses unis de l\u2019alimentation et du commerce Canada<\/a><\/li>\n<li><a href=\"https:\/\/www.cma.ca\/fr\/aufrontpourlasante\">Association m\u00e9dicale canadienne<\/a><\/li>\n<li><a href=\"https:\/\/scfp.ca\/scfp-vote\">Syndicat canadien de la fonction publique<\/a><\/li>\n<li><a href=\"https:\/\/demandbettertoday.ca\/fr\/\">Action Canada pour la sant\u00e9 et les droits sexuels<\/a><\/li>\n<\/ul>\n<p>[\/vc_column_text][\/vc_column][\/vc_row][vc_row][vc_column width=&#8221;1\/2&#8243;][vc_column_text css=&#8221;&#8221;]<\/p>\n<h1 class=\"post-title\">W\u00e9binaire<\/h1>\n<p>[\/vc_column_text][vc_video link=&#8221;https:\/\/www.youtube.com\/watch?v=57FNOnsSoUI&#8221; css=&#8221;&#8221;][\/vc_column][vc_column width=&#8221;1\/2&#8243;][\/vc_column][\/vc_row][vc_row][vc_column][vc_column_text css=&#8221;&#8221;]<\/p>\n<h3 style=\"text-align: center;\">Votre don nous aide \u00e0 lutter contre la privatisation, \u00e0 d\u00e9fendre l&#8217;universalit\u00e9 des soins et \u00e0 faire en sorte que les soins de sant\u00e9 restent publics, accessibles et solides pour les g\u00e9n\u00e9rations \u00e0 venir. Chaque dollar alimente nos efforts pour prot\u00e9ger et d\u00e9velopper l&#8217;assurance-maladie.<\/h3>\n<p>[\/vc_column_text][\/vc_column][\/vc_row][vc_row][vc_column][vc_btn title=&#8221;Prot\u00e9gez les soins de sant\u00e9 publics &#8211; faites un don aujourd&#8217;hui&#8221; style=&#8221;3d&#8221; color=&#8221;danger&#8221; size=&#8221;lg&#8221; align=&#8221;center&#8221; css=&#8221;&#8221; link=&#8221;url:https%3A%2F%2Fatmhknaq.donorsupport.co%2Fpage%2Fvotehealthcare%3F_lang%3Dfr-CA&#8221;][\/vc_column][\/vc_row][vc_row][vc_column][vc_column_text css=&#8221;&#8221;]<\/p>\n<p class=\"p1\" style=\"text-align: center;\"><i>Autoris\u00e9 par la Coalition canadienne de la sant\u00e9, healthcoalition.ca, 343-558-1788<\/i><b><i><\/i><\/b><\/p>\n<p>[\/vc_column_text][\/vc_column][\/vc_row]<\/p>\n<\/div>","protected":false},"excerpt":{"rendered":"<p>[vc_row][vc_column][vc_column_text css=&#8221;&#8221;] \u00c9lections f\u00e9d\u00e9rales 2025 : Voter pour les soins de sant\u00e9 [\/vc_column_text][\/vc_column][\/vc_row][vc_row][vc_column width=&#8221;1\/2&#8243;][vc_single_image image=&#8221;18543&#8243; img_size=&#8221;Large&#8221; css=&#8221;&#8221;][\/vc_column][vc_column width=&#8221;1\/2&#8243;][vc_column_text css=&#8221;&#8221;] Le\u2026<\/p>\n","protected":false},"author":142,"featured_media":0,"parent":0,"menu_order":0,"comment_status":"closed","ping_status":"closed","template":"","meta":{"give_campaign_id":0,"footnotes":""},"class_list":["post-18539","page","type-page","status-publish","hentry"],"campaignId":"","_links":{"self":[{"href":"https:\/\/www.healthcoalition.ca\/fr\/wp-json\/wp\/v2\/pages\/18539","targetHints":{"allow":["GET"]}}],"collection":[{"href":"https:\/\/www.healthcoalition.ca\/fr\/wp-json\/wp\/v2\/pages"}],"about":[{"href":"https:\/\/www.healthcoalition.ca\/fr\/wp-json\/wp\/v2\/types\/page"}],"author":[{"embeddable":true,"href":"https:\/\/www.healthcoalition.ca\/fr\/wp-json\/wp\/v2\/users\/142"}],"replies":[{"embeddable":true,"href":"https:\/\/www.healthcoalition.ca\/fr\/wp-json\/wp\/v2\/comments?post=18539"}],"version-history":[{"count":20,"href":"https:\/\/www.healthcoalition.ca\/fr\/wp-json\/wp\/v2\/pages\/18539\/revisions"}],"predecessor-version":[{"id":18961,"href":"https:\/\/www.healthcoalition.ca\/fr\/wp-json\/wp\/v2\/pages\/18539\/revisions\/18961"}],"wp:attachment":[{"href":"https:\/\/www.healthcoalition.ca\/fr\/wp-json\/wp\/v2\/media?parent=18539"}],"curies":[{"name":"wp","href":"https:\/\/api.w.org\/{rel}","templated":true}]}}