{"id":19414,"date":"2025-05-08T10:56:04","date_gmt":"2025-05-08T14:56:04","guid":{"rendered":"https:\/\/www.healthcoalition.ca\/laissez-un-cadeau-dans-votre-testament\/"},"modified":"2025-05-08T10:56:05","modified_gmt":"2025-05-08T14:56:05","slug":"laissez-un-cadeau-dans-votre-testament","status":"publish","type":"page","link":"https:\/\/www.healthcoalition.ca\/fr\/laissez-un-cadeau-dans-votre-testament\/","title":{"rendered":"Laissez un cadeau dans votre testament"},"content":{"rendered":"<div class=\"wpb-content-wrapper\"><p>[vc_row][vc_column][vc_column_text css=&#8221;&#8221;]<\/p>\n<h3 class=\"p1\">Ayez un impact durable sur le mouvement pour prot\u00e9ger et renforcer le syst\u00e8me public de soins de sant\u00e9 du Canada en incluant la Coalition canadienne de la sant\u00e9 dans vos plans successoraux.<\/h3>\n<p>[\/vc_column_text][\/vc_column][\/vc_row][vc_row][vc_column][vc_column_text css=&#8221;&#8221;]<\/p>\n<p class=\"p1\">\u00c0 la Coalition canadienne de la sant\u00e9, nous travaillons tous les jours \u00e0 prot\u00e9ger et \u00e0 renforcer le syst\u00e8me public de soins de sant\u00e9 du Canada. Nous rassemblons les gens pour tenir les gouvernements responsables, d\u00e9fendre les principes de la Loi canadienne sur la sant\u00e9 et veiller \u00e0 ce que tous les Canadiens et Canadiennes aient leur mot \u00e0 dire pour fa\u00e7onner l\u2019avenir des soins de sant\u00e9. Un don testamentaire \u00e0 la Coalition canadienne de la sant\u00e9 contribue \u00e0 pr\u00e9server ces efforts, soutenant un avenir o\u00f9 les soins de sant\u00e9 demeurent publics, universels et accessibles \u00e0 tous.<\/p>\n<p>[\/vc_column_text][\/vc_column][\/vc_row][vc_row][vc_column width=&#8221;2\/3&#8243;][vc_column_text css=&#8221;&#8221;]<\/p>\n<h3 class=\"p1\"><strong>Pourquoi laisser un cadeau dans votre testament?<\/strong><\/h3>\n<p><\/p>\n<p class=\"p2\">Laisser un cadeau dans votre testament est un moyen puissant de soutenir la d\u00e9fense de la sant\u00e9, d\u2019inspirer un changement durable et de pr\u00e9server vos valeurs. Votre don peut aider \u00e0 faire avancer des politiques qui favorisent des soins de sant\u00e9 accessibles et de qualit\u00e9, \u00e0 b\u00e2tir un syst\u00e8me de sant\u00e9 plus \u00e9quitable et \u00e0 assurer la p\u00e9rennit\u00e9 de votre engagement envers la sant\u00e9 publique pour les g\u00e9n\u00e9rations \u00e0 venir.<\/p>\n<p><\/p>\n<p class=\"p2\">Le don testamentaire est flexible. Vous pouvez choisir de laisser un montant pr\u00e9cis, un pourcentage de votre succession, ou m\u00eame des actifs particuliers. Comment, quand et ce que vous donnez d\u00e9pend enti\u00e8rement de vous.<\/p>\n<p>[\/vc_column_text][vc_column_text css=&#8221;&#8221;]<\/p>\n<h3 class=\"p1\">Inclure la Coalition canadienne de la sant\u00e9 dans votre testament<\/h3>\n<p><\/p>\n<p class=\"p2\">Consultez votre avocat en planification successorale ou votre planificateur financier. Ils peuvent vous aider \u00e0 r\u00e9fl\u00e9chir \u00e0 l\u2019ensemble de votre plan successoral, s\u2019assurer que vos besoins et ceux de vos proches sont satisfaits tout en soutenant notre travail.<\/p>\n<p><\/p>\n<p class=\"p2\">Pour inclure la Coalition canadienne de la sant\u00e9 dans vos plans successoraux, vous pouvez partager l\u2019exemple de libell\u00e9 suivant avec votre avocat ou votre conseiller\u00a0:<\/p>\n<p><\/p>\n<p class=\"p2\"><b>Le legs r\u00e9siduel (un pourcentage de votre succession)\u00a0:<br \/>\n<\/b>\u00ab\u00a0Je donne \u00e0 la Coalition canadienne de la sant\u00e9, un organisme \u00e0 but non lucratif actuellement situ\u00e9 au 2841, chemin Riverside, Ottawa (Ontario) K1V 8X7, ___\u00a0% du r\u00e9sidu de ma succession \u00e0 utiliser \u00e0 ses fins g\u00e9n\u00e9rales.\u00a0\u00bb<\/p>\n<p><\/p>\n<p class=\"p2\"><b>Le legs pr\u00e9cis (un montant fixe)\u00a0:<br \/>\n<\/b>\u00ab\u00a0Je donne \u00e0 la Coalition canadienne de la sant\u00e9, un organisme \u00e0 but non lucratif actuellement situ\u00e9 au 2841, chemin Riverside, Ottawa (Ontario) K1V 8X7, la somme de ___\u00a0$ \u00e0 utiliser \u00e0 ses fins g\u00e9n\u00e9rales.\u00a0\u00bb<\/p>\n<p>[\/vc_column_text][vc_column_text css=&#8221;&#8221;]<\/p>\n<p class=\"p1\">Nous comprenons que laisser un cadeau dans votre testament est une d\u00e9cision personnelle. Si vous souhaitez vous connecter, nous serions honor\u00e9s de discuter de la fa\u00e7on dont votre soutien futur pourrait s\u2019adapter \u00e0 notre travail continu et \u00e0 nos valeurs. Vous pouvez \u00e9galement demander \u00e0 votre repr\u00e9sentant l\u00e9gal de communiquer en votre nom pour discuter de vos pr\u00e9f\u00e9rences quant \u00e0 la fa\u00e7on dont votre don est dirig\u00e9 ou reconnu, dans le respect total de votre vie priv\u00e9e et de vos souhaits.<\/p>\n<p><\/p>\n<p class=\"p1\">Si vous souhaitez plus d\u2019informations sur la fa\u00e7on de laisser un cadeau dans votre testament ou si vous souhaitez discuter de vos projets directement avec nous, veuillez contacter\u00a0:<\/p>\n<p><\/p>\n<p class=\"p1\">Haylee Keyes<br \/>\nDirectrice nationale du d\u00e9veloppement et de l\u2019engagement communautaire<br \/>\n<a href=\"mailto:development@healthcoalition.ca\"><span class=\"s1\">development@healthcoalition.ca<\/span><\/a><span class=\"s2\"><br \/>\n(613)\u00a0462-3175<\/span><\/p>\n<p><\/p>\n<p class=\"p1\">Nous sommes l\u00e0 pour r\u00e9pondre \u00e0 vos questions et vous aider \u00e0 vous retrouver dans le processus de dons testamentaires.<\/p>\n<p>[\/vc_column_text][\/vc_column][vc_column width=&#8221;1\/3&#8243;][vc_single_image image=&#8221;16079&#8243; img_size=&#8221;full&#8221; css=&#8221;&#8221;][vc_single_image image=&#8221;11130&#8243; img_size=&#8221;large&#8221; css=&#8221;&#8221;][vc_single_image image=&#8221;11330&#8243; img_size=&#8221;large&#8221; css=&#8221;&#8221;][vc_single_image image=&#8221;10436&#8243; img_size=&#8221;large&#8221; css=&#8221;&#8221;][\/vc_column][\/vc_row][vc_row][vc_column][vc_column_text css=&#8221;&#8221;]<\/p>\n<p class=\"p1\">En tant qu\u2019organisme \u00e0 but non lucratif qui n\u2019est pas un organisme de bienfaisance enregistr\u00e9 en vertu des lignes directrices de l\u2019Agence du revenu du Canada, la Coalition canadienne de la sant\u00e9 n\u2019est pas en mesure de fournir un re\u00e7u officiel pour imp\u00f4t pour votre don testamentaire. Cela signifie que votre succession ne recevra pas le cr\u00e9dit d\u2019imp\u00f4t pour dons qui accompagne les dons aux organismes de bienfaisance enregistr\u00e9s.<\/p>\n<p>[\/vc_column_text][\/vc_column][\/vc_row]<\/p>\n<\/div>","protected":false},"excerpt":{"rendered":"<p>[vc_row][vc_column][vc_column_text css=&#8221;&#8221;] Ayez un impact durable sur le mouvement pour prot\u00e9ger et renforcer le syst\u00e8me public de soins de sant\u00e9\u2026<\/p>\n","protected":false},"author":142,"featured_media":0,"parent":0,"menu_order":0,"comment_status":"closed","ping_status":"closed","template":"","meta":{"give_campaign_id":0,"footnotes":""},"class_list":["post-19414","page","type-page","status-publish","hentry"],"campaignId":"","_links":{"self":[{"href":"https:\/\/www.healthcoalition.ca\/fr\/wp-json\/wp\/v2\/pages\/19414","targetHints":{"allow":["GET"]}}],"collection":[{"href":"https:\/\/www.healthcoalition.ca\/fr\/wp-json\/wp\/v2\/pages"}],"about":[{"href":"https:\/\/www.healthcoalition.ca\/fr\/wp-json\/wp\/v2\/types\/page"}],"author":[{"embeddable":true,"href":"https:\/\/www.healthcoalition.ca\/fr\/wp-json\/wp\/v2\/users\/142"}],"replies":[{"embeddable":true,"href":"https:\/\/www.healthcoalition.ca\/fr\/wp-json\/wp\/v2\/comments?post=19414"}],"version-history":[{"count":3,"href":"https:\/\/www.healthcoalition.ca\/fr\/wp-json\/wp\/v2\/pages\/19414\/revisions"}],"predecessor-version":[{"id":19417,"href":"https:\/\/www.healthcoalition.ca\/fr\/wp-json\/wp\/v2\/pages\/19414\/revisions\/19417"}],"wp:attachment":[{"href":"https:\/\/www.healthcoalition.ca\/fr\/wp-json\/wp\/v2\/media?parent=19414"}],"curies":[{"name":"wp","href":"https:\/\/api.w.org\/{rel}","templated":true}]}}