{"id":19418,"date":"2025-05-08T10:57:48","date_gmt":"2025-05-08T14:57:48","guid":{"rendered":"https:\/\/www.healthcoalition.ca\/donnez-en-honneur-ou-en-memoire-dune-personne\/"},"modified":"2025-05-08T10:59:11","modified_gmt":"2025-05-08T14:59:11","slug":"donnez-en-honneur-ou-en-memoire-dune-personne","status":"publish","type":"page","link":"https:\/\/www.healthcoalition.ca\/fr\/donnez-en-honneur-ou-en-memoire-dune-personne\/","title":{"rendered":"Donnez en honneur ou en m\u00e9moire d\u2019une personne"},"content":{"rendered":"<div class=\"wpb-content-wrapper\"><p>[vc_row][vc_column][vc_column_text css=&#8221;&#8221;]<\/p>\n<h3 class=\"p1\" style=\"text-align: center;\">Honorez une personne sp\u00e9ciale en faisant un don qui appuie le mouvement pour prot\u00e9ger et renforcer le syst\u00e8me public de soins de sant\u00e9 du Canada.<\/h3>\n<p>[\/vc_column_text][\/vc_column][\/vc_row][vc_row][vc_column width=&#8221;1\/2&#8243;][vc_column_text css=&#8221;&#8221;]<\/p>\n<p class=\"p1\">\u00c0 la Coalition canadienne de la sant\u00e9, nous travaillons tous les jours \u00e0 prot\u00e9ger et \u00e0 renforcer le syst\u00e8me public de soins de sant\u00e9 du Canada. Nous rassemblons les gens pour tenir les gouvernements responsables, d\u00e9fendre les principes de la Loi canadienne sur la sant\u00e9 et veiller \u00e0 ce que tous les Canadiens et Canadiennes aient leur mot \u00e0 dire pour fa\u00e7onner l\u2019avenir des soins de sant\u00e9.<\/p>\n<p class=\"p2\">Faire un cadeau en hommage, en l\u2019honneur, en m\u00e9moire ou en c\u00e9l\u00e9bration d\u2019une personne sp\u00e9ciale, est une fa\u00e7on significative de soutenir ce travail. Que vous c\u00e9l\u00e9briez une occasion sp\u00e9ciale, que vous fassiez honneur \u00e0 un(e) d\u00e9fenseur(e) ou que vous vous souveniez d\u2019un \u00eatre cher, votre don contribue \u00e0 faire avancer un avenir o\u00f9 les soins de sant\u00e9 demeurent publics, universels et accessibles \u00e0 tous.<\/p>\n<p class=\"p3\">Qu\u2019est-ce qu\u2019un don en hommage \u00e0 une personne?<\/p>\n<p class=\"p2\">Un don en hommage \u00e0 une personne est un don fait en l\u2019honneur ou \u00e0 la m\u00e9moire d\u2019une personne importante pour vous. C\u2019est une fa\u00e7on significative d\u2019honorer le d\u00e9vouement d\u2019un travailleur ou d\u2019une travailleuse de la sant\u00e9 ou d\u2019un(e) d\u00e9fenseur(e) de la sant\u00e9 publique, ou de se souvenir d\u2019un \u00eatre cher qui a d\u00e9fendu les soins publics de sant\u00e9 au Canada.<\/p>\n<p class=\"p3\">Comment faire un don en hommage \u00e0 une personne<\/p>\n<ol class=\"ol1\">\n<li class=\"li4\"><span class=\"s1\"><b>D\u00e9dicacez votre don<\/b> en indiquant un nom<br \/>\n<\/span><\/li>\n<li class=\"li4\"><span class=\"s1\"><b>Choisissez votre montant<br \/>\n<\/b><b><\/b><\/span><\/li>\n<li class=\"li4\"><span class=\"s1\"><b>S\u00e9lectionnez la case<\/b> Cadeau unique ou annuel<br \/>\n<\/span><\/li>\n<li class=\"li4\"><span class=\"s1\"><b>Saisissez vos coordonn\u00e9es<br \/>\n<\/b><b><\/b><\/span><\/li>\n<li class=\"li4\"><span class=\"s1\"><b>Ajoutez des informations de paiement et compl\u00e9tez votre don<br \/>\n<\/b><b><\/b><\/span><\/li>\n<li class=\"li5\"><span class=\"s1\"><i>(Facultatif)<\/i> Envoyez une carte \u00e9lectronique personnalis\u00e9e avec votre hommage<\/span><\/li>\n<\/ol>\n<p>[\/vc_column_text][\/vc_column][vc_column width=&#8221;1\/2&#8243;][vc_raw_html css=&#8221;&#8221;]JTNDYSUyMGhyZWYlM0QlMjIlMjNYSFNWVktNUSUyMiUyMHN0eWxlJTNEJTIyZGlzcGxheSUzQSUyMG5vbmUlMjIlM0UlM0MlMkZhJTNF[\/vc_raw_html][\/vc_column][\/vc_row][vc_row][vc_column width=&#8221;1\/2&#8243;][vc_single_image image=&#8221;19301&#8243; img_size=&#8221;large&#8221; css=&#8221;&#8221;][\/vc_column][vc_column width=&#8221;1\/2&#8243;][vc_column_text css=&#8221;&#8221;]<\/p>\n<p class=\"p1\">Si vous avez des questions sur le don en hommage \u00e0 une personne ou si vous souhaitez discuter de votre don directement avec nous, veuillez communiquer avec\u00a0:<\/p>\n<p class=\"p1\"><b>Haylee Keyes<\/b><\/p>\n<p class=\"p1\">Directrice nationale du d\u00e9veloppement et de l\u2019engagement communautaire<\/p>\n<p class=\"p1\">development@healthcoalition.ca<\/p>\n<p class=\"p1\">(613)\u00a0462-3175<\/p>\n<p>[\/vc_column_text][\/vc_column][\/vc_row]<\/p>\n<\/div>","protected":false},"excerpt":{"rendered":"<p>[vc_row][vc_column][vc_column_text css=&#8221;&#8221;] Honorez une personne sp\u00e9ciale en faisant un don qui appuie le mouvement pour prot\u00e9ger et renforcer le syst\u00e8me\u2026<\/p>\n","protected":false},"author":142,"featured_media":0,"parent":0,"menu_order":0,"comment_status":"closed","ping_status":"closed","template":"","meta":{"give_campaign_id":0,"footnotes":""},"class_list":["post-19418","page","type-page","status-publish","hentry"],"campaignId":"","_links":{"self":[{"href":"https:\/\/www.healthcoalition.ca\/fr\/wp-json\/wp\/v2\/pages\/19418","targetHints":{"allow":["GET"]}}],"collection":[{"href":"https:\/\/www.healthcoalition.ca\/fr\/wp-json\/wp\/v2\/pages"}],"about":[{"href":"https:\/\/www.healthcoalition.ca\/fr\/wp-json\/wp\/v2\/types\/page"}],"author":[{"embeddable":true,"href":"https:\/\/www.healthcoalition.ca\/fr\/wp-json\/wp\/v2\/users\/142"}],"replies":[{"embeddable":true,"href":"https:\/\/www.healthcoalition.ca\/fr\/wp-json\/wp\/v2\/comments?post=19418"}],"version-history":[{"count":4,"href":"https:\/\/www.healthcoalition.ca\/fr\/wp-json\/wp\/v2\/pages\/19418\/revisions"}],"predecessor-version":[{"id":19422,"href":"https:\/\/www.healthcoalition.ca\/fr\/wp-json\/wp\/v2\/pages\/19418\/revisions\/19422"}],"wp:attachment":[{"href":"https:\/\/www.healthcoalition.ca\/fr\/wp-json\/wp\/v2\/media?parent=19418"}],"curies":[{"name":"wp","href":"https:\/\/api.w.org\/{rel}","templated":true}]}}