{"id":19423,"date":"2025-05-08T11:06:45","date_gmt":"2025-05-08T15:06:45","guid":{"rendered":"https:\/\/www.healthcoalition.ca\/soutenez-la-coalition-canadienne-de-la-sante\/"},"modified":"2025-09-22T16:01:55","modified_gmt":"2025-09-22T20:01:55","slug":"faire-un-don","status":"publish","type":"page","link":"https:\/\/www.healthcoalition.ca\/fr\/faire-un-don\/","title":{"rendered":"Soutenez la Coalition canadienne de la sant\u00e9"},"content":{"rendered":"<div class=\"wpb-content-wrapper\"><p>[vc_row][vc_column][vc_column_text css=&#8221;&#8221;]<\/p>\n<h3 class=\"p1\" style=\"text-align: center;\">Il existe de nombreuses fa\u00e7ons de soutenir notre travail de d\u00e9fense et de renforcement des soins publics de sant\u00e9 au Canada. Que vous fassiez un cadeau unique ou que vous laissiez un h\u00e9ritage, chaque contribution contribue \u00e0 prot\u00e9ger les soins publics de sant\u00e9 et \u00e0 s\u2019assurer qu\u2019ils demeurent accessibles \u00e0 tous.<\/h3>\n<p>[\/vc_column_text][\/vc_column][\/vc_row][vc_row][vc_column width=&#8221;1\/2&#8243;]<div  class=\"wpb_theme_custom_element wpb_featured_box\">\n  <div class=\"vc-custom-inner-wrap\">\n    <div class=\"featured-box-alignment alignment-center content-alignment-center\"><div class=\"icon-wrap\"><div class=\"type-icon graphic-shape-rounded\" style=\"width: 75px;height: 75px;background-color: #C51300\"><span style=\"color: #fff\" class=\"_icon fa fa-solid fa-hand-holding-heart\"><\/span><\/div><\/div><div class=\"entry-box-wrap\"><h4 class=\"featured-box-title\" style=\"color: #000000;\">Don unique<\/h4><div class=\"featured-box-text\" style=\"color: #444;\">Ayez un impact imm\u00e9diat avec un seul don. Chaque dollar nous aide \u00e0 plaider en faveur de politiques qui accordent la priorit\u00e9 aux patients et maintiennent publics les soins de sant\u00e9.<\/div><a href=\"https:\/\/www.healthcoalition.ca\/fr\/faites-un-cadeau-unique\/\" class=\"featured-button btn-type-rounded\" >Faites un cadeau unique<\/a><\/div><\/div>  <\/div>\n<\/div>\n[\/vc_column][vc_column width=&#8221;1\/2&#8243;]<div  class=\"wpb_theme_custom_element wpb_featured_box\">\n  <div class=\"vc-custom-inner-wrap\">\n    <div class=\"featured-box-alignment alignment-center content-alignment-center\"><div class=\"icon-wrap\"><div class=\"type-icon graphic-shape-rounded\" style=\"width: 75px;height: 75px;background-color: #C51300\"><span style=\"color: #fff\" class=\"_icon fa fa-solid fa-calendar\"><\/span><\/div><\/div><div class=\"entry-box-wrap\"><h4 class=\"featured-box-title\" style=\"color: #222;\">Faites un don mensuel<\/h4><div class=\"featured-box-text\" style=\"color: #444;\">Joignez-vous \u00e0 une communaut\u00e9 grandissante de partisans qui aident \u00e0 soutenir les changements \u00e0 long terme. Les dons mensuels sont faciles, conviviaux pour votre budget et font que votre impact va plus loin.<\/div><a href=\"https:\/\/www.healthcoalition.ca\/fr\/faites-un-don-mensuel\/\" class=\"featured-button btn-type-rounded\" >Donnez mensuellement<\/a><\/div><\/div>  <\/div>\n<\/div>\n[\/vc_column][\/vc_row][vc_row][vc_column width=&#8221;1\/2&#8243;]<div  class=\"wpb_theme_custom_element wpb_featured_box\">\n  <div class=\"vc-custom-inner-wrap\">\n    <div class=\"featured-box-alignment alignment-center content-alignment-center\"><div class=\"icon-wrap\"><div class=\"type-icon graphic-shape-rounded\" style=\"width: 75px;height: 75px;background-color: #C51300\"><span style=\"color: #fff\" class=\"_icon fa fa-solid fa-dove\"><\/span><\/div><\/div><div class=\"entry-box-wrap\"><h4 class=\"featured-box-title\" style=\"color: #222;\">Laissez un cadeau dans votre testament<\/h4><div class=\"featured-box-text\" style=\"color: #444;\">Ayez un impact durable en incluant la Coalition canadienne de la sant\u00e9 dans vos plans successoraux. Un don testamentaire aide \u00e0 prot\u00e9ger les soins publics de sant\u00e9 pour les g\u00e9n\u00e9rations \u00e0 venir.<\/div><a href=\"https:\/\/www.healthcoalition.ca\/fr\/laissez-un-cadeau-dans-votre-testament\/\" class=\"featured-button btn-type-rounded\" >En savoir plus sur les dons testamentaires<\/a><\/div><\/div>  <\/div>\n<\/div>\n[\/vc_column][vc_column width=&#8221;1\/2&#8243;]<div  class=\"wpb_theme_custom_element wpb_featured_box\">\n  <div class=\"vc-custom-inner-wrap\">\n    <div class=\"featured-box-alignment alignment-center content-alignment-center\"><div class=\"icon-wrap\"><div class=\"type-icon graphic-shape-rounded\" style=\"width: 75px;height: 75px;background-color: #C51300\"><span style=\"color: #fff\" class=\"_icon fa fa-solid fa-heart\"><\/span><\/div><\/div><div class=\"entry-box-wrap\"><h4 class=\"featured-box-title\" style=\"color: #222;\">Donnez en honneur ou en m\u00e9moire d\u2019une personne<\/h4><div class=\"featured-box-text\" style=\"color: #444;\">Honorez une personne sp\u00e9ciale avec un don en son nom. Donnez en honneur, ou en m\u00e9moire d\u2019une personne, et envoyez une carte \u00e9lectronique personnalis\u00e9e pour partager votre impact.<\/div><a href=\"https:\/\/www.healthcoalition.ca\/fr\/donnez-en-honneur-ou-en-memoire-dune-personne\/\" class=\"featured-button btn-type-rounded\" >Faites un cadeau en hommage \u00e0 une personne<\/a><\/div><\/div>  <\/div>\n<\/div>\n[\/vc_column][\/vc_row]<\/p>\n<\/div>","protected":false},"excerpt":{"rendered":"<p>[vc_row][vc_column][vc_column_text css=&#8221;&#8221;] Il existe de nombreuses fa\u00e7ons de soutenir notre travail de d\u00e9fense et de renforcement des soins publics de\u2026<\/p>\n","protected":false},"author":142,"featured_media":0,"parent":0,"menu_order":0,"comment_status":"closed","ping_status":"closed","template":"","meta":{"give_campaign_id":0,"footnotes":""},"class_list":["post-19423","page","type-page","status-publish","hentry"],"campaignId":"","_links":{"self":[{"href":"https:\/\/www.healthcoalition.ca\/fr\/wp-json\/wp\/v2\/pages\/19423","targetHints":{"allow":["GET"]}}],"collection":[{"href":"https:\/\/www.healthcoalition.ca\/fr\/wp-json\/wp\/v2\/pages"}],"about":[{"href":"https:\/\/www.healthcoalition.ca\/fr\/wp-json\/wp\/v2\/types\/page"}],"author":[{"embeddable":true,"href":"https:\/\/www.healthcoalition.ca\/fr\/wp-json\/wp\/v2\/users\/142"}],"replies":[{"embeddable":true,"href":"https:\/\/www.healthcoalition.ca\/fr\/wp-json\/wp\/v2\/comments?post=19423"}],"version-history":[{"count":4,"href":"https:\/\/www.healthcoalition.ca\/fr\/wp-json\/wp\/v2\/pages\/19423\/revisions"}],"predecessor-version":[{"id":19431,"href":"https:\/\/www.healthcoalition.ca\/fr\/wp-json\/wp\/v2\/pages\/19423\/revisions\/19431"}],"wp:attachment":[{"href":"https:\/\/www.healthcoalition.ca\/fr\/wp-json\/wp\/v2\/media?parent=19423"}],"curies":[{"name":"wp","href":"https:\/\/api.w.org\/{rel}","templated":true}]}}